{"id":14,"date":"2021-06-24T14:40:14","date_gmt":"2021-06-24T12:40:14","guid":{"rendered":"https:\/\/leonie.hblalentia.schulwebspace.at\/?page_id=14"},"modified":"2021-06-27T11:50:21","modified_gmt":"2021-06-27T09:50:21","slug":"schoene-portfolios-fuer-aussergewoehnliche-kreative","status":"publish","type":"page","link":"https:\/\/leonie.hblalentia.schulwebspace.at\/","title":{"rendered":"SCH\u00d6NE MOMENTE UND AU\u00dfERGEW\u00d6HNLICHE ERFAHRUNGEN"},"content":{"rendered":"\n<p class=\"has-text-align-center\"><meta charset=\"utf-8\">Du willst die Welt erkunden? Oder bist auf der Suche nach dem n\u00e4chsten Reiseziel? Dann bist du bei uns goldrichtig! Viel Spa\u00df!<\/p>\n\n\n\n<div style=\"height:55px\" aria-hidden=\"true\" class=\"wp-block-spacer\"><\/div>\n\n\n\n<div class=\"alignfull\"><div id=\"metaslider-id-150\" style=\"width: 100%;\" class=\"ml-slider-3-109-0 metaslider metaslider-flex metaslider-150 ml-slider ms-theme-default nav-hidden\" role=\"region\" aria-label=\"Neue Slideshow\" data-height=\"240\" data-width=\"700\">\n    <div id=\"metaslider_container_150\">\n        <div id=\"metaslider_150\">\n            <ul class='slides'>\n                <li style=\"display: block; width: 100%;\" class=\"slide-151 ms-image \" aria-roledescription=\"slide\" data-date=\"2021-06-27 02:09:14\" data-filename=\"volkswagen-569315_1920-700x240.jpg\" data-slide-type=\"image\"><img loading=\"lazy\" decoding=\"async\" src=\"https:\/\/leonie.hblalentia.schulwebspace.at\/wp-content\/uploads\/2021\/06\/volkswagen-569315_1920-700x240.jpg\" height=\"240\" width=\"700\" alt=\"\" class=\"slider-150 slide-151 msDefaultImage\" title=\"volkswagen-569315_1920\" \/><\/li>\n                <li style=\"display: none; width: 100%;\" class=\"slide-152 ms-image \" aria-roledescription=\"slide\" data-date=\"2021-06-27 02:09:14\" data-filename=\"29-700x240.jpg\" data-slide-type=\"image\"><img loading=\"lazy\" decoding=\"async\" src=\"https:\/\/leonie.hblalentia.schulwebspace.at\/wp-content\/uploads\/2021\/06\/29-700x240.jpg\" height=\"240\" width=\"700\" alt=\"\" class=\"slider-150 slide-152 msDefaultImage\" title=\"29\" \/><\/li>\n                <li style=\"display: none; width: 100%;\" class=\"slide-153 ms-image \" aria-roledescription=\"slide\" data-date=\"2021-06-27 02:09:14\" data-filename=\"33-700x240.jpg\" data-slide-type=\"image\"><img loading=\"lazy\" decoding=\"async\" src=\"https:\/\/leonie.hblalentia.schulwebspace.at\/wp-content\/uploads\/2021\/06\/33-700x240.jpg\" height=\"240\" width=\"700\" alt=\"\" class=\"slider-150 slide-153 msDefaultImage\" title=\"33\" \/><\/li>\n                <li style=\"display: none; width: 100%;\" class=\"slide-160 ms-image \" aria-roledescription=\"slide\" data-date=\"2021-06-27 02:09:54\" data-filename=\"1-700x240.jpg\" data-slide-type=\"image\"><img loading=\"lazy\" decoding=\"async\" src=\"https:\/\/leonie.hblalentia.schulwebspace.at\/wp-content\/uploads\/2021\/06\/1-700x240.jpg\" height=\"240\" width=\"700\" alt=\"\" class=\"slider-150 slide-160 msDefaultImage\" title=\"1\" \/><\/li>\n                <li style=\"display: none; width: 100%;\" class=\"slide-154 ms-image \" aria-roledescription=\"slide\" data-date=\"2021-06-27 02:09:14\" data-filename=\"31-700x240.jpg\" data-slide-type=\"image\"><img loading=\"lazy\" decoding=\"async\" src=\"https:\/\/leonie.hblalentia.schulwebspace.at\/wp-content\/uploads\/2021\/06\/31-700x240.jpg\" height=\"240\" width=\"700\" alt=\"\" class=\"slider-150 slide-154 msDefaultImage\" title=\"31\" \/><\/li>\n                <li style=\"display: none; width: 100%;\" class=\"slide-156 ms-image \" aria-roledescription=\"slide\" data-date=\"2021-06-27 02:09:14\" data-filename=\"21-700x240.jpg\" data-slide-type=\"image\"><img loading=\"lazy\" decoding=\"async\" src=\"https:\/\/leonie.hblalentia.schulwebspace.at\/wp-content\/uploads\/2021\/06\/21-700x240.jpg\" height=\"240\" width=\"700\" alt=\"\" class=\"slider-150 slide-156 msDefaultImage\" title=\"21\" \/><\/li>\n            <\/ul>\n        <\/div>\n        \n    <\/div>\n<\/div><\/div>\n\n\n\n<div class=\"wp-block-group alignfull has-background\" style=\"background-color:#e5e9ec\"><div class=\"wp-block-group__inner-container is-layout-flow wp-block-group-is-layout-flow\">\n<div class=\"wp-block-columns is-layout-flex wp-container-core-columns-is-layout-9d6595d7 wp-block-columns-is-layout-flex\">\n<div class=\"wp-block-column is-vertically-aligned-center is-layout-flow wp-block-column-is-layout-flow\">\n<h2 class=\"wp-block-heading\">ABOUT<\/h2>\n\n\n\n<p>Ich habe schon mehr als 20 L\u00e4nder bereist und dabei so einige Abenteuer erlebt. Meine Erfahrungen habe ich gesammelt und schreibe hier regelm\u00e4\u00dfig neue Beitr\u00e4ge! Von Traumstr\u00e4nden in Mexiko \u00fcber den Amazonas in Kolumbien bis hin zu den sch\u00f6nsten Orten in Deutschland und ganz Europa. Klingt gut? <\/p>\n\n\n\n<div class=\"wp-block-buttons is-content-justification-left is-layout-flex wp-block-buttons-is-layout-flex\">\n<div class=\"wp-block-button is-style-outline is-style-outline--1\"><a class=\"wp-block-button__link has-black-color has-text-color no-border-radius\" href=\"https:\/\/leonie.hblalentia.schulwebspace.at\/?page_id=15\">About me<\/a><\/div>\n<\/div>\n<\/div>\n\n\n\n<div class=\"wp-block-column is-layout-flow wp-block-column-is-layout-flow\">\n<div style=\"height:48px\" aria-hidden=\"true\" class=\"wp-block-spacer\"><\/div>\n\n\n\n<figure class=\"wp-block-image size-large is-resized\"><img loading=\"lazy\" decoding=\"async\" src=\"https:\/\/leonie.hblalentia.schulwebspace.at\/wp-content\/uploads\/2021\/06\/11-1024x683.jpg\" alt=\"\" class=\"wp-image-53\" width=\"457\" height=\"304\" srcset=\"https:\/\/leonie.hblalentia.schulwebspace.at\/wp-content\/uploads\/2021\/06\/11-1024x683.jpg 1024w, https:\/\/leonie.hblalentia.schulwebspace.at\/wp-content\/uploads\/2021\/06\/11-300x200.jpg 300w, https:\/\/leonie.hblalentia.schulwebspace.at\/wp-content\/uploads\/2021\/06\/11-768x512.jpg 768w, https:\/\/leonie.hblalentia.schulwebspace.at\/wp-content\/uploads\/2021\/06\/11.jpg 1500w\" sizes=\"auto, (max-width: 457px) 100vw, 457px\" \/><\/figure>\n<\/div>\n<\/div>\n<\/div><\/div>\n\n\n\n<div class=\"wp-block-group alignfull\"><div class=\"wp-block-group__inner-container is-layout-flow wp-block-group-is-layout-flow\">\n<div class=\"wp-block-columns are-vertically-aligned-center is-layout-flex wp-container-core-columns-is-layout-9d6595d7 wp-block-columns-is-layout-flex\">\n<div class=\"wp-block-column is-vertically-aligned-center is-layout-flow wp-block-column-is-layout-flow\">\n<div style=\"height:48px\" aria-hidden=\"true\" class=\"wp-block-spacer\"><\/div>\n\n\n\n<figure class=\"wp-block-image size-large is-resized\"><img loading=\"lazy\" decoding=\"async\" src=\"https:\/\/leonie.hblalentia.schulwebspace.at\/wp-content\/uploads\/2021\/06\/12-edited.jpg\" alt=\"\" class=\"wp-image-78\" width=\"457\" height=\"304\" srcset=\"https:\/\/leonie.hblalentia.schulwebspace.at\/wp-content\/uploads\/2021\/06\/12-edited.jpg 1500w, https:\/\/leonie.hblalentia.schulwebspace.at\/wp-content\/uploads\/2021\/06\/12-edited-300x200.jpg 300w, https:\/\/leonie.hblalentia.schulwebspace.at\/wp-content\/uploads\/2021\/06\/12-edited-1024x683.jpg 1024w, https:\/\/leonie.hblalentia.schulwebspace.at\/wp-content\/uploads\/2021\/06\/12-edited-768x513.jpg 768w\" sizes=\"auto, (max-width: 457px) 100vw, 457px\" \/><\/figure>\n<\/div>\n\n\n\n<div class=\"wp-block-column is-vertically-aligned-center is-layout-flow wp-block-column-is-layout-flow\">\n<h2 class=\"wp-block-heading\">CAHUITA IN COSTA RICA<\/h2>\n\n\n\n<p>Cahuita und der Cahuita Nationalpark in Costa Rica z\u00e4hlen zu den Highlights an der Karibikk\u00fcste. Und auch wir sind dem Pura Vida Charme von Cahuita verfallen. Cahuita liegt nur eine gute halbe Stunde von Puerto Viejo entfernt an der Karibikk\u00fcste von Costa Rica.<\/p>\n\n\n\n<div class=\"wp-block-buttons is-layout-flex wp-block-buttons-is-layout-flex\">\n<div class=\"wp-block-button is-style-outline is-style-outline--2\"><a class=\"wp-block-button__link no-border-radius\" href=\"https:\/\/leonie.hblalentia.schulwebspace.at\/?p=113#\">beitrag ansehen<\/a><\/div>\n<\/div>\n<\/div>\n<\/div>\n<\/div><\/div>\n\n\n\n<div class=\"wp-block-group alignfull has-black-background-color has-background\"><div class=\"wp-block-group__inner-container is-layout-flow wp-block-group-is-layout-flow\">\n<h2 class=\"has-text-align-center has-white-color has-text-color wp-block-heading\"><strong>FOTO GALERIE<\/strong><\/h2>\n\n\n\n<p><\/p>\n\n\n\n<div style=\"height:40px\" aria-hidden=\"true\" class=\"wp-block-spacer\"><\/div>\n\n\n\n<figure class=\"wp-block-gallery aligncenter columns-3 is-cropped wp-block-gallery-3 is-layout-flex wp-block-gallery-is-layout-flex\"><ul class=\"blocks-gallery-grid\"><li class=\"blocks-gallery-item\"><figure><img loading=\"lazy\" decoding=\"async\" width=\"1024\" height=\"683\" src=\"https:\/\/leonie.hblalentia.schulwebspace.at\/wp-content\/uploads\/2021\/06\/7-1024x683.jpg\" alt=\"\" data-id=\"49\" data-full-url=\"https:\/\/leonie.hblalentia.schulwebspace.at\/wp-content\/uploads\/2021\/06\/7.jpg\" data-link=\"https:\/\/leonie.hblalentia.schulwebspace.at\/?attachment_id=49\" class=\"wp-image-49\" srcset=\"https:\/\/leonie.hblalentia.schulwebspace.at\/wp-content\/uploads\/2021\/06\/7-1024x683.jpg 1024w, https:\/\/leonie.hblalentia.schulwebspace.at\/wp-content\/uploads\/2021\/06\/7-300x200.jpg 300w, https:\/\/leonie.hblalentia.schulwebspace.at\/wp-content\/uploads\/2021\/06\/7-768x512.jpg 768w, https:\/\/leonie.hblalentia.schulwebspace.at\/wp-content\/uploads\/2021\/06\/7.jpg 1500w\" sizes=\"auto, (max-width: 1024px) 100vw, 1024px\" \/><\/figure><\/li><li class=\"blocks-gallery-item\"><figure><img loading=\"lazy\" decoding=\"async\" width=\"1024\" height=\"682\" src=\"https:\/\/leonie.hblalentia.schulwebspace.at\/wp-content\/uploads\/2021\/06\/8-1024x682.jpg\" alt=\"\" data-id=\"50\" data-full-url=\"https:\/\/leonie.hblalentia.schulwebspace.at\/wp-content\/uploads\/2021\/06\/8.jpg\" data-link=\"https:\/\/leonie.hblalentia.schulwebspace.at\/?attachment_id=50\" class=\"wp-image-50\" srcset=\"https:\/\/leonie.hblalentia.schulwebspace.at\/wp-content\/uploads\/2021\/06\/8-1024x682.jpg 1024w, https:\/\/leonie.hblalentia.schulwebspace.at\/wp-content\/uploads\/2021\/06\/8-300x200.jpg 300w, https:\/\/leonie.hblalentia.schulwebspace.at\/wp-content\/uploads\/2021\/06\/8-768x512.jpg 768w, https:\/\/leonie.hblalentia.schulwebspace.at\/wp-content\/uploads\/2021\/06\/8.jpg 1490w\" sizes=\"auto, (max-width: 1024px) 100vw, 1024px\" \/><\/figure><\/li><li class=\"blocks-gallery-item\"><figure><img loading=\"lazy\" decoding=\"async\" width=\"1024\" height=\"733\" src=\"https:\/\/leonie.hblalentia.schulwebspace.at\/wp-content\/uploads\/2021\/06\/2-1-1024x733.jpg\" alt=\"\" data-id=\"54\" data-full-url=\"https:\/\/leonie.hblalentia.schulwebspace.at\/wp-content\/uploads\/2021\/06\/2-1.jpg\" data-link=\"https:\/\/leonie.hblalentia.schulwebspace.at\/?attachment_id=54\" class=\"wp-image-54\" srcset=\"https:\/\/leonie.hblalentia.schulwebspace.at\/wp-content\/uploads\/2021\/06\/2-1-1024x733.jpg 1024w, https:\/\/leonie.hblalentia.schulwebspace.at\/wp-content\/uploads\/2021\/06\/2-1-300x215.jpg 300w, https:\/\/leonie.hblalentia.schulwebspace.at\/wp-content\/uploads\/2021\/06\/2-1-768x550.jpg 768w, https:\/\/leonie.hblalentia.schulwebspace.at\/wp-content\/uploads\/2021\/06\/2-1.jpg 1480w\" sizes=\"auto, (max-width: 1024px) 100vw, 1024px\" \/><\/figure><\/li><li class=\"blocks-gallery-item\"><figure><img loading=\"lazy\" decoding=\"async\" width=\"1024\" height=\"819\" src=\"https:\/\/leonie.hblalentia.schulwebspace.at\/wp-content\/uploads\/2021\/06\/13-1024x819.jpg\" alt=\"\" data-id=\"75\" data-full-url=\"https:\/\/leonie.hblalentia.schulwebspace.at\/wp-content\/uploads\/2021\/06\/13.jpg\" data-link=\"https:\/\/leonie.hblalentia.schulwebspace.at\/?attachment_id=75\" class=\"wp-image-75\" srcset=\"https:\/\/leonie.hblalentia.schulwebspace.at\/wp-content\/uploads\/2021\/06\/13-1024x819.jpg 1024w, https:\/\/leonie.hblalentia.schulwebspace.at\/wp-content\/uploads\/2021\/06\/13-300x240.jpg 300w, https:\/\/leonie.hblalentia.schulwebspace.at\/wp-content\/uploads\/2021\/06\/13-768x614.jpg 768w, https:\/\/leonie.hblalentia.schulwebspace.at\/wp-content\/uploads\/2021\/06\/13.jpg 1500w\" sizes=\"auto, (max-width: 1024px) 100vw, 1024px\" \/><\/figure><\/li><li class=\"blocks-gallery-item\"><figure><img loading=\"lazy\" decoding=\"async\" width=\"1024\" height=\"682\" src=\"https:\/\/leonie.hblalentia.schulwebspace.at\/wp-content\/uploads\/2021\/06\/6-1024x682.jpg\" alt=\"\" data-id=\"48\" data-full-url=\"https:\/\/leonie.hblalentia.schulwebspace.at\/wp-content\/uploads\/2021\/06\/6.jpg\" data-link=\"https:\/\/leonie.hblalentia.schulwebspace.at\/?attachment_id=48\" class=\"wp-image-48\" srcset=\"https:\/\/leonie.hblalentia.schulwebspace.at\/wp-content\/uploads\/2021\/06\/6-1024x682.jpg 1024w, https:\/\/leonie.hblalentia.schulwebspace.at\/wp-content\/uploads\/2021\/06\/6-300x200.jpg 300w, https:\/\/leonie.hblalentia.schulwebspace.at\/wp-content\/uploads\/2021\/06\/6-768x512.jpg 768w, https:\/\/leonie.hblalentia.schulwebspace.at\/wp-content\/uploads\/2021\/06\/6.jpg 1460w\" sizes=\"auto, (max-width: 1024px) 100vw, 1024px\" \/><\/figure><\/li><li class=\"blocks-gallery-item\"><figure><img loading=\"lazy\" decoding=\"async\" width=\"1024\" height=\"827\" src=\"https:\/\/leonie.hblalentia.schulwebspace.at\/wp-content\/uploads\/2021\/06\/19-1024x827.jpg\" alt=\"\" data-id=\"79\" data-full-url=\"https:\/\/leonie.hblalentia.schulwebspace.at\/wp-content\/uploads\/2021\/06\/19.jpg\" data-link=\"https:\/\/leonie.hblalentia.schulwebspace.at\/?attachment_id=79\" class=\"wp-image-79\" srcset=\"https:\/\/leonie.hblalentia.schulwebspace.at\/wp-content\/uploads\/2021\/06\/19-1024x827.jpg 1024w, https:\/\/leonie.hblalentia.schulwebspace.at\/wp-content\/uploads\/2021\/06\/19-300x242.jpg 300w, https:\/\/leonie.hblalentia.schulwebspace.at\/wp-content\/uploads\/2021\/06\/19-768x620.jpg 768w, https:\/\/leonie.hblalentia.schulwebspace.at\/wp-content\/uploads\/2021\/06\/19.jpg 1189w\" sizes=\"auto, (max-width: 1024px) 100vw, 1024px\" \/><\/figure><\/li><\/ul><\/figure>\n<\/div><\/div>\n\n\n\n<div class=\"wp-block-cover alignfull has-background-dim-30 has-black-background-color has-background-dim is-position-center-center\" style=\"min-height:375px;aspect-ratio:unset;\"><img loading=\"lazy\" decoding=\"async\" width=\"1280\" height=\"840\" class=\"wp-block-cover__image-background wp-image-86\" alt=\"\" src=\"https:\/\/leonie.hblalentia.schulwebspace.at\/wp-content\/uploads\/2021\/06\/22-1.jpg\" style=\"object-position:51% 74%\" data-object-fit=\"cover\" data-object-position=\"51% 74%\" srcset=\"https:\/\/leonie.hblalentia.schulwebspace.at\/wp-content\/uploads\/2021\/06\/22-1.jpg 1280w, https:\/\/leonie.hblalentia.schulwebspace.at\/wp-content\/uploads\/2021\/06\/22-1-300x197.jpg 300w, https:\/\/leonie.hblalentia.schulwebspace.at\/wp-content\/uploads\/2021\/06\/22-1-1024x672.jpg 1024w, https:\/\/leonie.hblalentia.schulwebspace.at\/wp-content\/uploads\/2021\/06\/22-1-768x504.jpg 768w\" sizes=\"auto, (max-width: 1280px) 100vw, 1280px\" \/><div class=\"wp-block-cover__inner-container is-layout-flow wp-block-cover-is-layout-flow\">\n<p class=\"has-text-align-center has-text-color\" style=\"color:#fffffa;font-size:37px;line-height:1.1\"><strong>KONTAKTIERE MICH<\/strong><\/p>\n\n\n\n<p class=\"has-text-align-center\">Melde dich gerne bei Fragen oder teile deine Erfahrungen und Tipps mit mir. Ich freue mich!<\/p>\n\n\n\n<div style=\"height:1px\" aria-hidden=\"true\" class=\"wp-block-spacer\"><\/div>\n\n\n\n<div class=\"wp-block-buttons is-content-justification-center is-layout-flex wp-block-buttons-is-layout-flex\">\n<div class=\"wp-block-button is-style-outline is-style-outline--4\"><a class=\"wp-block-button__link has-white-color has-text-color no-border-radius\" href=\"https:\/\/leonie.hblalentia.schulwebspace.at\/?page_id=16\">Contact me<\/a><\/div>\n<\/div>\n<\/div><\/div>\n\n\n\n<p><\/p>\n","protected":false},"excerpt":{"rendered":"<p>Du willst die Welt erkunden? Oder bist auf der Suche nach dem n\u00e4chsten Reiseziel? Dann bist du bei uns goldrichtig! Viel Spa\u00df! ABOUT Ich habe schon mehr als 20 L\u00e4nder bereist und dabei so einige Abenteuer erlebt. Meine Erfahrungen habe ich gesammelt und schreibe hier regelm\u00e4\u00dfig neue Beitr\u00e4ge! Von Traumstr\u00e4nden in Mexiko \u00fcber den Amazonas &hellip; <\/p>\n<p class=\"link-more\"><a href=\"https:\/\/leonie.hblalentia.schulwebspace.at\/\" class=\"more-link\">Mehr <span class=\"screen-reader-text\">\u00fcber &#8222;SCH\u00d6NE MOMENTE UND AU\u00dfERGEW\u00d6HNLICHE ERFAHRUNGEN&#8220; <\/span>Lesen<\/a><\/p>\n","protected":false},"author":1,"featured_media":65,"parent":0,"menu_order":0,"comment_status":"closed","ping_status":"closed","template":"","meta":{"footnotes":""},"class_list":["post-14","page","type-page","status-publish","has-post-thumbnail","hentry"],"_links":{"self":[{"href":"https:\/\/leonie.hblalentia.schulwebspace.at\/index.php?rest_route=\/wp\/v2\/pages\/14","targetHints":{"allow":["GET"]}}],"collection":[{"href":"https:\/\/leonie.hblalentia.schulwebspace.at\/index.php?rest_route=\/wp\/v2\/pages"}],"about":[{"href":"https:\/\/leonie.hblalentia.schulwebspace.at\/index.php?rest_route=\/wp\/v2\/types\/page"}],"author":[{"embeddable":true,"href":"https:\/\/leonie.hblalentia.schulwebspace.at\/index.php?rest_route=\/wp\/v2\/users\/1"}],"replies":[{"embeddable":true,"href":"https:\/\/leonie.hblalentia.schulwebspace.at\/index.php?rest_route=%2Fwp%2Fv2%2Fcomments&post=14"}],"version-history":[{"count":35,"href":"https:\/\/leonie.hblalentia.schulwebspace.at\/index.php?rest_route=\/wp\/v2\/pages\/14\/revisions"}],"predecessor-version":[{"id":251,"href":"https:\/\/leonie.hblalentia.schulwebspace.at\/index.php?rest_route=\/wp\/v2\/pages\/14\/revisions\/251"}],"wp:featuredmedia":[{"embeddable":true,"href":"https:\/\/leonie.hblalentia.schulwebspace.at\/index.php?rest_route=\/wp\/v2\/media\/65"}],"wp:attachment":[{"href":"https:\/\/leonie.hblalentia.schulwebspace.at\/index.php?rest_route=%2Fwp%2Fv2%2Fmedia&parent=14"}],"curies":[{"name":"wp","href":"https:\/\/api.w.org\/{rel}","templated":true}]}}