{"id":15,"date":"2021-06-24T14:40:14","date_gmt":"2021-06-24T12:40:14","guid":{"rendered":"https:\/\/leonie.hblalentia.schulwebspace.at\/?page_id=15"},"modified":"2021-06-27T12:42:25","modified_gmt":"2021-06-27T10:42:25","slug":"ueber-uns","status":"publish","type":"page","link":"https:\/\/leonie.hblalentia.schulwebspace.at\/?page_id=15","title":{"rendered":"\u00dcBER MICH"},"content":{"rendered":"\n<p>Der Blog wur\u00adde von mir 2015 ge\u00adgr\u00fcn\u00addet, seit\u00addem ste\u00adcke ich mein gan\u00adzes Herz\u00adblut in die\u00adse Sei\u00adten. Ich bin Di\u00adplom Be\u00adtriebs\u00adwir\u00adtin und habe als On\u00adline-Mar\u00adke\u00adting Man\u00adge\u00adrin ge\u00adar\u00adbei\u00adtet. Seit An\u00adfang 2019 be\u00adtrei\u00adbe ich den Blog haupt\u00adbe\u00adruf\u00adlich. Zu\u00addem bin ich Co-Au\u00adto\u00adrin des Rat\u00adge\u00adbers \u201cRei\u00adsen mit Kin\u00addern\u201d. Ich bin su\u00adper ger\u00adne in der Na\u00adtur un\u00adter\u00adwegs, Sa\u00adfa\u00adris lie\u00adbe ich ganz be\u00adson\u00adders. Auf Rei\u00adsen bin ich im\u00admer auf der Su\u00adche nach be\u00adson\u00adde\u00adren G\u00e4n\u00adse\u00adh\u00adaut\u00admo\u00admen\u00adten und Tipps f\u00fcr Ve\u00adge\u00adta\u00adri\u00ader, denn ich esse schon mein gan\u00adzes Er\u00adwach\u00adse\u00adnen\u00adle\u00adben kein Fleisch mehr.<\/p>\n\n\n\n<div style=\"height:40px\" aria-hidden=\"true\" class=\"wp-block-spacer\"><\/div>\n\n\n\n<figure class=\"wp-block-gallery alignfull columns-3 is-cropped wp-block-gallery-1 is-layout-flex wp-block-gallery-is-layout-flex\"><ul class=\"blocks-gallery-grid\"><li class=\"blocks-gallery-item\"><figure><img loading=\"lazy\" decoding=\"async\" width=\"1024\" height=\"702\" src=\"https:\/\/leonie.hblalentia.schulwebspace.at\/wp-content\/uploads\/2021\/06\/35-1024x702.jpg\" alt=\"\" data-id=\"209\" data-full-url=\"https:\/\/leonie.hblalentia.schulwebspace.at\/wp-content\/uploads\/2021\/06\/35.jpg\" data-link=\"https:\/\/leonie.hblalentia.schulwebspace.at\/?attachment_id=209\" class=\"wp-image-209\" srcset=\"https:\/\/leonie.hblalentia.schulwebspace.at\/wp-content\/uploads\/2021\/06\/35-1024x702.jpg 1024w, https:\/\/leonie.hblalentia.schulwebspace.at\/wp-content\/uploads\/2021\/06\/35-300x206.jpg 300w, https:\/\/leonie.hblalentia.schulwebspace.at\/wp-content\/uploads\/2021\/06\/35-768x526.jpg 768w, https:\/\/leonie.hblalentia.schulwebspace.at\/wp-content\/uploads\/2021\/06\/35.jpg 1347w\" sizes=\"auto, (max-width: 1024px) 100vw, 1024px\" \/><\/figure><\/li><li class=\"blocks-gallery-item\"><figure><img loading=\"lazy\" decoding=\"async\" width=\"880\" height=\"760\" src=\"https:\/\/leonie.hblalentia.schulwebspace.at\/wp-content\/uploads\/2021\/06\/36-1.jpg\" alt=\"\" data-id=\"210\" data-full-url=\"https:\/\/leonie.hblalentia.schulwebspace.at\/wp-content\/uploads\/2021\/06\/36-1.jpg\" data-link=\"https:\/\/leonie.hblalentia.schulwebspace.at\/?attachment_id=210\" class=\"wp-image-210\" srcset=\"https:\/\/leonie.hblalentia.schulwebspace.at\/wp-content\/uploads\/2021\/06\/36-1.jpg 880w, https:\/\/leonie.hblalentia.schulwebspace.at\/wp-content\/uploads\/2021\/06\/36-1-300x259.jpg 300w, https:\/\/leonie.hblalentia.schulwebspace.at\/wp-content\/uploads\/2021\/06\/36-1-768x663.jpg 768w\" sizes=\"auto, (max-width: 880px) 100vw, 880px\" \/><\/figure><\/li><li class=\"blocks-gallery-item\"><figure><img loading=\"lazy\" decoding=\"async\" width=\"819\" height=\"1024\" src=\"https:\/\/leonie.hblalentia.schulwebspace.at\/wp-content\/uploads\/2021\/06\/38-1-819x1024.jpg\" alt=\"\" data-id=\"211\" data-full-url=\"https:\/\/leonie.hblalentia.schulwebspace.at\/wp-content\/uploads\/2021\/06\/38-1.jpg\" data-link=\"https:\/\/leonie.hblalentia.schulwebspace.at\/?attachment_id=211\" class=\"wp-image-211\" srcset=\"https:\/\/leonie.hblalentia.schulwebspace.at\/wp-content\/uploads\/2021\/06\/38-1-819x1024.jpg 819w, https:\/\/leonie.hblalentia.schulwebspace.at\/wp-content\/uploads\/2021\/06\/38-1-240x300.jpg 240w, https:\/\/leonie.hblalentia.schulwebspace.at\/wp-content\/uploads\/2021\/06\/38-1-768x960.jpg 768w, https:\/\/leonie.hblalentia.schulwebspace.at\/wp-content\/uploads\/2021\/06\/38-1-1229x1536.jpg 1229w, https:\/\/leonie.hblalentia.schulwebspace.at\/wp-content\/uploads\/2021\/06\/38-1.jpg 1500w\" sizes=\"auto, (max-width: 819px) 100vw, 819px\" \/><\/figure><\/li><\/ul><\/figure>\n\n\n\n<div style=\"height:50px\" aria-hidden=\"true\" class=\"wp-block-spacer\"><\/div>\n\n\n\n<p>Obwohl wir uns nicht gerne festlegen wollen, kennen wir deinen Struggle als WeltenbummlerIn ganz genau: entweder hast du keine Zeit oder du hast kein Geld. Daher zeigen wir dir auf Worldonabudget, wie du das Beste aus beidem herausholst.<\/p>\n\n\n\n<p>Mit der Zeit haben wir herausgefunden, was unser Reisestil ist: wir reisen g\u00fcnstig, aber verzichten nicht gerne und so sparen wir dort, wo es uns nicht wehtut. Unsere besten Spartipps ver\u00f6ffentlichen wir regelm\u00e4\u00dfig, um dir zu zeigen: du brauchst kein dickes Konto, um komfortabel zu reisen.<\/p>\n\n\n\n<div style=\"height:10px\" aria-hidden=\"true\" class=\"wp-block-spacer\"><\/div>\n\n\n\n<blockquote class=\"wp-block-quote is-style-large is-layout-flow wp-block-quote-is-layout-flow\"><p>\u201eTwenty years from now you will be more disappointed by the things that you didn\u2019t do than by the ones you did do. So throw off the bowlines. Sail away from the safe harbor. Catch the trade winds while in pursuit of something else\u201c<\/p><cite>Mark Twain<\/cite><\/blockquote>\n\n\n\n<div style=\"height:1px\" aria-hidden=\"true\" class=\"wp-block-spacer\"><\/div>\n\n\n\n<p>Wir kom\u00admen aus der N\u00e4he von M\u00fcn\u00adchen und lie\u00adben das Aben\u00adteu\u00ader. Meist sind wir zu dritt un\u00adter\u00adwegs, denn der Gro\u00ad\u00dfe be\u00adglei\u00adtet uns lei\u00adder nicht mehr. F\u00fcr uns gibt es nichts Span\u00adnen\u00adde\u00adres, als neue L\u00e4n\u00adder und Kul\u00adtu\u00adren ken\u00adnen\u00adzu\u00adler\u00adnen. Un\u00adser Herz ha\u00adben wir an Afrika ver\u00adlo\u00adren. Aber auch an\u00adde\u00adre L\u00e4n\u00adder er\u00adkun\u00adden wir lie\u00adbend ger\u00adne auf un\u00adse\u00adrenFern-&nbsp;und&nbsp;Europareisen. Am liebs\u00adten sind wir un\u00adab\u00adh\u00e4n\u00adgig mit dem Miet\u00adau\u00adto un\u00adter\u00adwegs und fin\u00adden un\u00adser Quar\u00adtier in aus\u00adge\u00adfal\u00adle\u00adnen und hoch\u00adwer\u00adti\u00adgen Un\u00adter\u00adk\u00fcnf\u00adten.<\/p>\n\n\n\n<div style=\"height:50px\" aria-hidden=\"true\" class=\"wp-block-spacer\"><\/div>\n\n\n\n<hr class=\"wp-block-separator is-style-wide\"\/>\n\n\n\n<div style=\"height:50px\" aria-hidden=\"true\" class=\"wp-block-spacer\"><\/div>\n\n\n\n<div class=\"wp-block-media-text alignwide is-stacked-on-mobile\"><figure class=\"wp-block-media-text__media\"><img loading=\"lazy\" decoding=\"async\" width=\"1024\" height=\"683\" src=\"https:\/\/leonie.hblalentia.schulwebspace.at\/wp-content\/uploads\/2021\/06\/37-1-1024x683.jpg\" alt=\"\" class=\"wp-image-229 size-full\" srcset=\"https:\/\/leonie.hblalentia.schulwebspace.at\/wp-content\/uploads\/2021\/06\/37-1-1024x683.jpg 1024w, https:\/\/leonie.hblalentia.schulwebspace.at\/wp-content\/uploads\/2021\/06\/37-1-300x200.jpg 300w, https:\/\/leonie.hblalentia.schulwebspace.at\/wp-content\/uploads\/2021\/06\/37-1-768x512.jpg 768w, https:\/\/leonie.hblalentia.schulwebspace.at\/wp-content\/uploads\/2021\/06\/37-1.jpg 1500w\" sizes=\"auto, (max-width: 1024px) 100vw, 1024px\" \/><\/figure><div class=\"wp-block-media-text__content\">\n<p class=\"has-normal-font-size\">Ganz ehrlich: wir hatten es satt! Eines Abends sa\u00dfen wir bei einer gepflegten Flasche Wei\u00dfwein im regnerischen Aachen und beschlossen, dass wir mehr von der Welt sehen und unser Leben abenteuerlicher gestalten wollen. Noch nie hatten wir beide diesen Wunsch so deutlich ausgesprochen und dabei fiel auf, dass wir so ziemlich denselben Wunsch in uns trugen: eine Weltreise mit dem Start in Lateinamerika.<\/p>\n<\/div><\/div>\n\n\n\n<div style=\"height:100px\" aria-hidden=\"true\" class=\"wp-block-spacer\"><\/div>\n\n\n\n<figure class=\"wp-block-embed alignfull is-type-video is-provider-youtube wp-block-embed-youtube wp-embed-aspect-16-9 wp-has-aspect-ratio\"><div class=\"wp-block-embed__wrapper\">\n<iframe loading=\"lazy\" title=\"1 YEAR of travel in 30 seconds\" width=\"950\" height=\"534\" src=\"https:\/\/www.youtube.com\/embed\/b0l60jzPNxc?feature=oembed\" frameborder=\"0\" allow=\"accelerometer; autoplay; clipboard-write; encrypted-media; gyroscope; picture-in-picture\" allowfullscreen><\/iframe>\n<\/div><\/figure>\n\n\n\n<div style=\"height:50px\" aria-hidden=\"true\" class=\"wp-block-spacer\"><\/div>\n","protected":false},"excerpt":{"rendered":"<p>Der Blog wur\u00adde von mir 2015 ge\u00adgr\u00fcn\u00addet, seit\u00addem ste\u00adcke ich mein gan\u00adzes Herz\u00adblut in die\u00adse Sei\u00adten. Ich bin Di\u00adplom Be\u00adtriebs\u00adwir\u00adtin und habe als On\u00adline-Mar\u00adke\u00adting Man\u00adge\u00adrin ge\u00adar\u00adbei\u00adtet. Seit An\u00adfang 2019 be\u00adtrei\u00adbe ich den Blog haupt\u00adbe\u00adruf\u00adlich. Zu\u00addem bin ich Co-Au\u00adto\u00adrin des Rat\u00adge\u00adbers \u201cRei\u00adsen mit Kin\u00addern\u201d. Ich bin su\u00adper ger\u00adne in der Na\u00adtur un\u00adter\u00adwegs, Sa\u00adfa\u00adris lie\u00adbe ich ganz &hellip; <\/p>\n<p class=\"link-more\"><a href=\"https:\/\/leonie.hblalentia.schulwebspace.at\/?page_id=15\" class=\"more-link\">Mehr <span class=\"screen-reader-text\">\u00fcber &#8222;\u00dcBER MICH&#8220; <\/span>Lesen<\/a><\/p>\n","protected":false},"author":1,"featured_media":0,"parent":0,"menu_order":0,"comment_status":"closed","ping_status":"closed","template":"","meta":{"footnotes":""},"class_list":["post-15","page","type-page","status-publish","hentry"],"_links":{"self":[{"href":"https:\/\/leonie.hblalentia.schulwebspace.at\/index.php?rest_route=\/wp\/v2\/pages\/15","targetHints":{"allow":["GET"]}}],"collection":[{"href":"https:\/\/leonie.hblalentia.schulwebspace.at\/index.php?rest_route=\/wp\/v2\/pages"}],"about":[{"href":"https:\/\/leonie.hblalentia.schulwebspace.at\/index.php?rest_route=\/wp\/v2\/types\/page"}],"author":[{"embeddable":true,"href":"https:\/\/leonie.hblalentia.schulwebspace.at\/index.php?rest_route=\/wp\/v2\/users\/1"}],"replies":[{"embeddable":true,"href":"https:\/\/leonie.hblalentia.schulwebspace.at\/index.php?rest_route=%2Fwp%2Fv2%2Fcomments&post=15"}],"version-history":[{"count":20,"href":"https:\/\/leonie.hblalentia.schulwebspace.at\/index.php?rest_route=\/wp\/v2\/pages\/15\/revisions"}],"predecessor-version":[{"id":260,"href":"https:\/\/leonie.hblalentia.schulwebspace.at\/index.php?rest_route=\/wp\/v2\/pages\/15\/revisions\/260"}],"wp:attachment":[{"href":"https:\/\/leonie.hblalentia.schulwebspace.at\/index.php?rest_route=%2Fwp%2Fv2%2Fmedia&parent=15"}],"curies":[{"name":"wp","href":"https:\/\/api.w.org\/{rel}","templated":true}]}}